{"id":23,"date":"2025-03-23T22:33:09","date_gmt":"2025-03-23T19:33:09","guid":{"rendered":"http:\/\/www.dasaudi.com\/?page_id=23"},"modified":"2026-03-05T09:11:28","modified_gmt":"2026-03-05T06:11:28","slug":"voice-of-radyo","status":"publish","type":"page","link":"https:\/\/www.dasaudi.com\/?page_id=23","title":{"rendered":"Voice of Radyo"},"content":{"rendered":"\n<p><strong><em><mark style=\"background-color:rgba(0, 0, 0, 0)\" class=\"has-inline-color has-vivid-cyan-blue-color\">Ses<\/mark><\/em><\/strong>, bir markan\u0131n ilk izlenimidir. Do\u011fru ses; g\u00fcven verir, ak\u0131lda kal\u0131r, harekete ge\u00e7irir. Y\u0131llar\u0131n deneyimiyle \u015fekillenen bu portf\u00f6y \u2014 reklam filmlerinden kurumsal tan\u0131t\u0131mlara, e-learning i\u00e7eriklerine kadar \u2014 her projeye \u00f6zg\u00fc bir ses kimli\u011fi sunuyor. Sizi dinlemeye davet ediyorum.<\/p>\n\n\n\n<figure class=\"wp-block-audio\"><audio controls src=\"https:\/\/www.dasaudi.com\/wp-content\/uploads\/2026\/03\/Bosch-Dry-1.mp3\"><\/audio><\/figure>\n\n\n\n<figure class=\"wp-block-audio\"><audio controls src=\"https:\/\/www.dasaudi.com\/wp-content\/uploads\/2026\/03\/Albank-Dry.mp3\"><\/audio><\/figure>\n\n\n\n<figure class=\"wp-block-audio\"><audio controls src=\"https:\/\/www.dasaudi.com\/wp-content\/uploads\/2026\/03\/Alfemo-Dry.mp3\"><\/audio><\/figure>\n\n\n\n<p><strong><em><mark style=\"background-color:rgba(0, 0, 0, 0)\" class=\"has-inline-color has-vivid-red-color\">Ses<\/mark><\/em><\/strong>, bir markan\u0131n g\u00f6r\u00fcnmez y\u00fcz\u00fcd\u00fcr. \u0130zleyici ekran\u0131 kapatsa da o ses ak\u0131lda kal\u0131r, o his devam eder. Y\u0131llar i\u00e7inde onlarca marka ve i\u00e7erik i\u00e7in \u00fcretilen bu \u00e7al\u0131\u015fmalar; reklam filmlerinin enerjisini, kurumsal tan\u0131t\u0131mlar\u0131n g\u00fcvenilirli\u011fini ve e-learning i\u00e7eriklerinin netli\u011fini yans\u0131t\u0131yor. \u00c7\u00fcnk\u00fc her proje, kendine \u00f6zg\u00fc bir ses kimli\u011fi hak ediyor.<\/p>\n\n\n\n<figure class=\"wp-block-audio\"><audio controls src=\"https:\/\/www.dasaudi.com\/wp-content\/uploads\/2026\/03\/Avva-Magaza.mp3\"><\/audio><\/figure>\n\n\n\n<figure class=\"wp-block-audio\"><audio controls src=\"https:\/\/www.dasaudi.com\/wp-content\/uploads\/2026\/03\/Korona-Uyari-Anons.mp3\"><\/audio><\/figure>\n\n\n\n<figure class=\"wp-block-audio\"><audio controls src=\"https:\/\/www.dasaudi.com\/wp-content\/uploads\/2026\/03\/LCW-Cyp-Magaza.mp3\"><\/audio><\/figure>\n\n\n\n<p><strong><em>Bir <mark style=\"background-color:rgba(0, 0, 0, 0)\" class=\"has-inline-color has-vivid-green-cyan-color\">seslendirme<\/mark> yaln\u0131zca konu\u015fmak de\u011fildir <\/em><\/strong>\u2014 do\u011fru tonu bulmak, do\u011fru duyguyu ta\u015f\u0131mak ve izleyiciyle ger\u00e7ek bir ba\u011f kurmakt\u0131r. Reklam &amp; tan\u0131t\u0131m, belgesel &amp; kurumsal ve e-learning alanlar\u0131nda y\u00fcr\u00fct\u00fclen projelerde edinilen deneyim, her \u00e7al\u0131\u015fmada net bir fark yarat\u0131yor. A\u015fa\u011f\u0131daki \u00f6rnekler bu fark\u0131 en iyi \u015fekilde anlat\u0131yor.<\/p>\n\n\n\n<figure class=\"wp-block-audio\"><audio controls src=\"https:\/\/www.dasaudi.com\/wp-content\/uploads\/2026\/03\/Neareast-Sigorta-Dry.mp3\"><\/audio><\/figure>\n\n\n\n<figure class=\"wp-block-audio\"><audio controls src=\"https:\/\/www.dasaudi.com\/wp-content\/uploads\/2026\/03\/Tudors-Dry.mp3\"><\/audio><\/figure>\n\n\n\n<p><strong><mark style=\"background-color:rgba(0, 0, 0, 0)\" class=\"has-inline-color has-luminous-vivid-orange-color\"><em>Markan\u0131z\u0131n sesi<\/em><\/mark><\/strong>, bu portf\u00f6yde ba\u015fl\u0131yor.<\/p>\n\n\n\n<p><\/p>\n","protected":false},"excerpt":{"rendered":"<p>Ses, bir markan\u0131n ilk izlenimidir. Do\u011fru ses; g\u00fcven verir, ak\u0131lda kal\u0131r, harekete ge\u00e7irir. Y\u0131llar\u0131n deneyimiyle \u015fekillenen bu portf\u00f6y \u2014 reklam filmlerinden kurumsal tan\u0131t\u0131mlara, e-learning i\u00e7eriklerine kadar \u2014 her projeye \u00f6zg\u00fc bir ses kimli\u011fi sunuyor. Sizi dinlemeye davet ediyorum. Ses, bir markan\u0131n g\u00f6r\u00fcnmez y\u00fcz\u00fcd\u00fcr. \u0130zleyici ekran\u0131 kapatsa da o ses ak\u0131lda kal\u0131r, o his devam eder. [&hellip;]<\/p>\n","protected":false},"author":1,"featured_media":0,"parent":0,"menu_order":0,"comment_status":"closed","ping_status":"closed","template":"","meta":{"footnotes":""},"class_list":["post-23","page","type-page","status-publish","hentry"],"_links":{"self":[{"href":"https:\/\/www.dasaudi.com\/index.php?rest_route=\/wp\/v2\/pages\/23","targetHints":{"allow":["GET"]}}],"collection":[{"href":"https:\/\/www.dasaudi.com\/index.php?rest_route=\/wp\/v2\/pages"}],"about":[{"href":"https:\/\/www.dasaudi.com\/index.php?rest_route=\/wp\/v2\/types\/page"}],"author":[{"embeddable":true,"href":"https:\/\/www.dasaudi.com\/index.php?rest_route=\/wp\/v2\/users\/1"}],"replies":[{"embeddable":true,"href":"https:\/\/www.dasaudi.com\/index.php?rest_route=%2Fwp%2Fv2%2Fcomments&post=23"}],"version-history":[{"count":7,"href":"https:\/\/www.dasaudi.com\/index.php?rest_route=\/wp\/v2\/pages\/23\/revisions"}],"predecessor-version":[{"id":294,"href":"https:\/\/www.dasaudi.com\/index.php?rest_route=\/wp\/v2\/pages\/23\/revisions\/294"}],"wp:attachment":[{"href":"https:\/\/www.dasaudi.com\/index.php?rest_route=%2Fwp%2Fv2%2Fmedia&parent=23"}],"curies":[{"name":"wp","href":"https:\/\/api.w.org\/{rel}","templated":true}]}}