{"id":25,"date":"2025-03-23T22:33:09","date_gmt":"2025-03-23T19:33:09","guid":{"rendered":"http:\/\/www.dasaudi.com\/?page_id=25"},"modified":"2026-03-05T08:29:36","modified_gmt":"2026-03-05T05:29:36","slug":"voice-of-tvc","status":"publish","type":"page","link":"https:\/\/www.dasaudi.com\/?page_id=25","title":{"rendered":"Voice of TVC"},"content":{"rendered":"\n<p><strong>Dasaudi<\/strong>, sadece yap\u0131mlar\u0131, beste ve enstrumantal eserleriyle de\u011fil, televizyon reklamlar\u0131nda yapt\u0131\u011f\u0131 seslendirmelerle de sekt\u00f6rde varolmay\u0131 s\u00fcrd\u00fcr\u00fcyor.<\/p>\n\n\n\n<figure class=\"wp-block-embed is-type-video is-provider-youtube wp-block-embed-youtube wp-embed-aspect-16-9 wp-has-aspect-ratio\"><div class=\"wp-block-embed__wrapper\">\n<iframe loading=\"lazy\" title=\"Z\u00fchre Ana Meyve \u00d6z\u00fc Ramazan 2026\" width=\"1170\" height=\"658\" src=\"https:\/\/www.youtube.com\/embed\/2ZIEe22Wf7w?feature=oembed\" frameborder=\"0\" allow=\"accelerometer; autoplay; clipboard-write; encrypted-media; gyroscope; picture-in-picture; web-share\" referrerpolicy=\"strict-origin-when-cross-origin\" allowfullscreen><\/iframe>\n<\/div><\/figure>\n\n\n\n<figure class=\"wp-block-embed is-type-video is-provider-youtube wp-block-embed-youtube wp-embed-aspect-16-9 wp-has-aspect-ratio\"><div class=\"wp-block-embed__wrapper\">\n<iframe loading=\"lazy\" title=\"Weltew Home | 4. Geleneksel Depo Gu\u0308nleri\" width=\"1170\" height=\"658\" src=\"https:\/\/www.youtube.com\/embed\/W2lcLK5Zhe0?feature=oembed\" frameborder=\"0\" allow=\"accelerometer; autoplay; clipboard-write; encrypted-media; gyroscope; picture-in-picture; web-share\" referrerpolicy=\"strict-origin-when-cross-origin\" allowfullscreen><\/iframe>\n<\/div><\/figure>\n\n\n\n<figure class=\"wp-block-embed is-type-video is-provider-youtube wp-block-embed-youtube wp-embed-aspect-16-9 wp-has-aspect-ratio\"><div class=\"wp-block-embed__wrapper\">\n<iframe loading=\"lazy\" title=\"Sigortam.net Bir Telefon Kadar Yan\u0131nda! Tamamlay\u0131c\u0131 Sa\u011fl\u0131k Ayda 73 TL&#039;den Ba\u015flayan Fiyatlarla\" width=\"1170\" height=\"658\" src=\"https:\/\/www.youtube.com\/embed\/BnUeKOPb3hs?feature=oembed\" frameborder=\"0\" allow=\"accelerometer; autoplay; clipboard-write; encrypted-media; gyroscope; picture-in-picture; web-share\" referrerpolicy=\"strict-origin-when-cross-origin\" allowfullscreen><\/iframe>\n<\/div><\/figure>\n\n\n\n<p>Profesyonel seslendirmen olarak, sesinin derinli\u011fi ve etkileyici tonlamalar\u0131yla her projeye benzersiz bir dokunu\u015f kat\u0131yor.<\/p>\n\n\n\n<figure class=\"wp-block-embed is-type-video is-provider-youtube wp-block-embed-youtube wp-embed-aspect-16-9 wp-has-aspect-ratio\"><div class=\"wp-block-embed__wrapper\">\n<iframe loading=\"lazy\" title=\"Kayak ve Snowboard Bizden Sorulur! I SPXTV\" width=\"1170\" height=\"658\" src=\"https:\/\/www.youtube.com\/embed\/RC8TGjv3vq4?feature=oembed\" frameborder=\"0\" allow=\"accelerometer; autoplay; clipboard-write; encrypted-media; gyroscope; picture-in-picture; web-share\" referrerpolicy=\"strict-origin-when-cross-origin\" allowfullscreen><\/iframe>\n<\/div><\/figure>\n\n\n\n<p>D\u00fcnya m\u00fczi\u011findeki birikimini, modern televizyon reklamlar\u0131n\u0131n ihtiya\u00e7lar\u0131na entegre ederek, kendine has bir tarz yaratmay\u0131 ba\u015far\u0131yor. Bu da onu televizyon d\u00fcnyas\u0131nda aranan bir ses ve melodi \u00fcreticisi haline getiriyor.<\/p>\n\n\n\n<figure class=\"wp-block-embed is-type-video is-provider-youtube wp-block-embed-youtube wp-embed-aspect-16-9 wp-has-aspect-ratio\"><div class=\"wp-block-embed__wrapper\">\n<iframe loading=\"lazy\" title=\"Son Dakika S\u00fcrprizi!\" width=\"1170\" height=\"658\" src=\"https:\/\/www.youtube.com\/embed\/I8F7ESpPTAM?feature=oembed\" frameborder=\"0\" allow=\"accelerometer; autoplay; clipboard-write; encrypted-media; gyroscope; picture-in-picture; web-share\" referrerpolicy=\"strict-origin-when-cross-origin\" allowfullscreen><\/iframe>\n<\/div><\/figure>\n\n\n\n<p><\/p>\n\n\n\n<p>Televizyon reklamlar\u0131nda, mesaj\u0131 ve duyguyu en etkili \u015fekilde iletebilmek i\u00e7in sesini ustaca kullanmakta olduk\u00e7a ba\u015far\u0131l\u0131 olan <strong>Dasaudi<\/strong>, her projeye \u00f6zg\u00fcn bir yakla\u015f\u0131m getiriyor. <\/p>\n\n\n\n<figure class=\"wp-block-embed is-type-video is-provider-youtube wp-block-embed-youtube wp-embed-aspect-16-9 wp-has-aspect-ratio\"><div class=\"wp-block-embed__wrapper\">\n<iframe loading=\"lazy\" title=\"\u0130\u015f Portf\u00f6y TEV E\u011fitime Destek De\u011fi\u015fken Fon\" width=\"1170\" height=\"658\" src=\"https:\/\/www.youtube.com\/embed\/346sgFsJAU8?feature=oembed\" frameborder=\"0\" allow=\"accelerometer; autoplay; clipboard-write; encrypted-media; gyroscope; picture-in-picture; web-share\" referrerpolicy=\"strict-origin-when-cross-origin\" allowfullscreen><\/iframe>\n<\/div><\/figure>\n\n\n\n<p>Dinleyicinin dikkatini hemen \u00e7eken bu \u00f6zel tarz, ister enerjik bir reklam, ister duygusal bir \u00e7a\u011fr\u0131 olsun, her durumda g\u00fc\u00e7l\u00fc bir etki b\u0131rak\u0131yor.<\/p>\n\n\n\n<figure class=\"wp-block-embed is-type-video is-provider-youtube wp-block-embed-youtube wp-embed-aspect-16-9 wp-has-aspect-ratio\"><div class=\"wp-block-embed__wrapper\">\n<iframe loading=\"lazy\" title=\"K\u0131\u015f Lastiklerini #Ba\u015fkaYerdeArama! | Lastik Borsas\u0131\" width=\"1170\" height=\"658\" src=\"https:\/\/www.youtube.com\/embed\/N-Wt6neoBEA?feature=oembed\" frameborder=\"0\" allow=\"accelerometer; autoplay; clipboard-write; encrypted-media; gyroscope; picture-in-picture; web-share\" referrerpolicy=\"strict-origin-when-cross-origin\" allowfullscreen><\/iframe>\n<\/div><\/figure>\n\n\n\n<p><strong>Dasaudi<\/strong>, televizyon d\u00fcnyas\u0131nda yaln\u0131zca reklamlar de\u011fil, ayn\u0131 zamanda jingl&#8217;lar ve tan\u0131t\u0131m seslendirmeleriyle de fark yarat\u0131yor. Markalar\u0131n kimliklerini yans\u0131tan jingl\u2019lar, onun karakteristik ses tonu ve ritmik yakla\u015f\u0131m\u0131yla izleyicilerin haf\u0131zas\u0131na kaz\u0131n\u0131yor. <\/p>\n\n\n\n<figure class=\"wp-block-embed is-type-video is-provider-youtube wp-block-embed-youtube wp-embed-aspect-16-9 wp-has-aspect-ratio\"><div class=\"wp-block-embed__wrapper\">\n<iframe loading=\"lazy\" title=\"Eliza Collection Bone Yemek Tak\u0131m\u0131\" width=\"1170\" height=\"658\" src=\"https:\/\/www.youtube.com\/embed\/yNt1xWmgDZs?feature=oembed\" frameborder=\"0\" allow=\"accelerometer; autoplay; clipboard-write; encrypted-media; gyroscope; picture-in-picture; web-share\" referrerpolicy=\"strict-origin-when-cross-origin\" allowfullscreen><\/iframe>\n<\/div><\/figure>\n\n\n\n<p>G\u00fc\u00e7l\u00fc ve etkileyici seslendirmeleriyle <strong>Dasaudi<\/strong>, televizyon reklamlar\u0131n\u0131n vazge\u00e7ilmez sesi olmu\u015f ve her zaman bir ad\u0131m \u00f6nde yer almay\u0131 ba\u015farm\u0131\u015ft\u0131r.<\/p>\n\n\n\n<p><\/p>\n","protected":false},"excerpt":{"rendered":"<p>Dasaudi, sadece yap\u0131mlar\u0131, beste ve enstrumantal eserleriyle de\u011fil, televizyon reklamlar\u0131nda yapt\u0131\u011f\u0131 seslendirmelerle de sekt\u00f6rde varolmay\u0131 s\u00fcrd\u00fcr\u00fcyor. Profesyonel seslendirmen olarak, sesinin derinli\u011fi ve etkileyici tonlamalar\u0131yla her projeye benzersiz bir dokunu\u015f kat\u0131yor. D\u00fcnya m\u00fczi\u011findeki birikimini, modern televizyon reklamlar\u0131n\u0131n ihtiya\u00e7lar\u0131na entegre ederek, kendine has bir tarz yaratmay\u0131 ba\u015far\u0131yor. Bu da onu televizyon d\u00fcnyas\u0131nda aranan bir ses ve melodi [&hellip;]<\/p>\n","protected":false},"author":1,"featured_media":0,"parent":0,"menu_order":0,"comment_status":"closed","ping_status":"closed","template":"","meta":{"footnotes":""},"class_list":["post-25","page","type-page","status-publish","hentry"],"_links":{"self":[{"href":"https:\/\/www.dasaudi.com\/index.php?rest_route=\/wp\/v2\/pages\/25","targetHints":{"allow":["GET"]}}],"collection":[{"href":"https:\/\/www.dasaudi.com\/index.php?rest_route=\/wp\/v2\/pages"}],"about":[{"href":"https:\/\/www.dasaudi.com\/index.php?rest_route=\/wp\/v2\/types\/page"}],"author":[{"embeddable":true,"href":"https:\/\/www.dasaudi.com\/index.php?rest_route=\/wp\/v2\/users\/1"}],"replies":[{"embeddable":true,"href":"https:\/\/www.dasaudi.com\/index.php?rest_route=%2Fwp%2Fv2%2Fcomments&post=25"}],"version-history":[{"count":6,"href":"https:\/\/www.dasaudi.com\/index.php?rest_route=\/wp\/v2\/pages\/25\/revisions"}],"predecessor-version":[{"id":280,"href":"https:\/\/www.dasaudi.com\/index.php?rest_route=\/wp\/v2\/pages\/25\/revisions\/280"}],"wp:attachment":[{"href":"https:\/\/www.dasaudi.com\/index.php?rest_route=%2Fwp%2Fv2%2Fmedia&parent=25"}],"curies":[{"name":"wp","href":"https:\/\/api.w.org\/{rel}","templated":true}]}}