{"id":26,"date":"2025-03-23T22:33:09","date_gmt":"2025-03-23T19:33:09","guid":{"rendered":"http:\/\/www.dasaudi.com\/?page_id=26"},"modified":"2026-03-05T08:31:57","modified_gmt":"2026-03-05T05:31:57","slug":"voice-of-social","status":"publish","type":"page","link":"https:\/\/www.dasaudi.com\/?page_id=26","title":{"rendered":"Voice of Social"},"content":{"rendered":"\n<p><strong>Dasaudi<\/strong>, yaln\u0131zca m\u00fczi\u011fiyle de\u011fil, sosyal medya platformlar\u0131nda yapt\u0131\u011f\u0131 seslendirmelerle de dikkatleri \u00fczerine \u00e7ekiyor. <\/p>\n\n\n\n<figure class=\"wp-block-embed is-type-video is-provider-youtube wp-block-embed-youtube wp-embed-aspect-16-9 wp-has-aspect-ratio\"><div class=\"wp-block-embed__wrapper\">\n<iframe loading=\"lazy\" title=\"Yeni Y\u0131lda Sevdiklerinize \u0130\u015f Portf\u00f6y Yat\u0131r\u0131m Fonu Hediye Etmek \u0130ster Misiniz?\" width=\"1170\" height=\"658\" src=\"https:\/\/www.youtube.com\/embed\/PFfVp3I1S10?feature=oembed\" frameborder=\"0\" allow=\"accelerometer; autoplay; clipboard-write; encrypted-media; gyroscope; picture-in-picture; web-share\" referrerpolicy=\"strict-origin-when-cross-origin\" allowfullscreen><\/iframe>\n<\/div><\/figure>\n\n\n\n<p>M\u00fczikteki birikimini, dijital d\u00fcnyadaki h\u0131zl\u0131 ve dikkat \u00e7ekici seslendirme ihtiya\u00e7lar\u0131yla harmanlayarak, kendine \u00f6zg\u00fc bir tarz olu\u015fturuyor.<\/p>\n\n\n\n<figure class=\"wp-block-embed is-type-video is-provider-youtube wp-block-embed-youtube wp-embed-aspect-16-9 wp-has-aspect-ratio\"><div class=\"wp-block-embed__wrapper\">\n<iframe loading=\"lazy\" title=\"VII. Golden Palm Awards 13 Eyl\u00fcl&#039;de Zorlu Center Raffles Hotel&#039;de sahiplerini buluyor\" width=\"1170\" height=\"658\" src=\"https:\/\/www.youtube.com\/embed\/0RB7HzB0cOE?feature=oembed\" frameborder=\"0\" allow=\"accelerometer; autoplay; clipboard-write; encrypted-media; gyroscope; picture-in-picture; web-share\" referrerpolicy=\"strict-origin-when-cross-origin\" allowfullscreen><\/iframe>\n<\/div><\/figure>\n\n\n\n<p><strong>Dasaudi<\/strong>, sosyal medya platformlar\u0131nda yaln\u0131zca reklamlar de\u011fil, ayn\u0131 zamanda influencer&#8217;lar ve markalar\u0131n tan\u0131t\u0131mlar\u0131nda da etkileyici seslendirmeler yaparak \u00f6ne \u00e7\u0131k\u0131yor. <\/p>\n\n\n\n<figure class=\"wp-block-embed is-type-video is-provider-youtube wp-block-embed-youtube wp-embed-aspect-16-9 wp-has-aspect-ratio\"><div class=\"wp-block-embed__wrapper\">\n<iframe loading=\"lazy\" title=\"TURKCELL - GLOBAL B\u0130LG\u0130 RPA i\u00e7in \u00fcretti\u011fimiz animasyon\" width=\"1170\" height=\"658\" src=\"https:\/\/www.youtube.com\/embed\/4uotPbmb1XY?feature=oembed\" frameborder=\"0\" allow=\"accelerometer; autoplay; clipboard-write; encrypted-media; gyroscope; picture-in-picture; web-share\" referrerpolicy=\"strict-origin-when-cross-origin\" allowfullscreen><\/iframe>\n<\/div><\/figure>\n\n\n\n<p>Profesyonel seslendirmen olarak, sosyal medyan\u0131n dinamiklerine uygun ses tonlar\u0131 ve etkili tonlamalar kullanarak, her projeye \u00f6zg\u00fcn bir dokunu\u015f kat\u0131yor.<\/p>\n\n\n\n<figure class=\"wp-block-embed is-type-video is-provider-youtube wp-block-embed-youtube wp-embed-aspect-16-9 wp-has-aspect-ratio\"><div class=\"wp-block-embed__wrapper\">\n<iframe loading=\"lazy\" title=\"2024 Y\u0131l\u0131 Kira Gelirinin Beyan\u0131\" width=\"1170\" height=\"658\" src=\"https:\/\/www.youtube.com\/embed\/dZRGL9SQAMs?feature=oembed\" frameborder=\"0\" allow=\"accelerometer; autoplay; clipboard-write; encrypted-media; gyroscope; picture-in-picture; web-share\" referrerpolicy=\"strict-origin-when-cross-origin\" allowfullscreen><\/iframe>\n<\/div><\/figure>\n\n\n\n<p>Sosyal medya reklamlar\u0131nda, mesaj\u0131 ve duyguyu en k\u0131sa s\u00fcrede iletebilmek i\u00e7in sesini ustaca kullanmakta olduk\u00e7a ba\u015far\u0131l\u0131 olan <strong>Dasaudi<\/strong>, her projeye farkl\u0131 bir yakla\u015f\u0131m getiriyor. <\/p>\n\n\n\n<figure class=\"wp-block-embed is-type-video is-provider-youtube wp-block-embed-youtube wp-embed-aspect-16-9 wp-has-aspect-ratio\"><div class=\"wp-block-embed__wrapper\">\n<iframe loading=\"lazy\" title=\"Cesur Cem ve Beceriksiz Kahramanlar Serisi - The \u00c7ocuk\" width=\"1170\" height=\"658\" src=\"https:\/\/www.youtube.com\/embed\/pgQXpQvV8kk?feature=oembed\" frameborder=\"0\" allow=\"accelerometer; autoplay; clipboard-write; encrypted-media; gyroscope; picture-in-picture; web-share\" referrerpolicy=\"strict-origin-when-cross-origin\" allowfullscreen><\/iframe>\n<\/div><\/figure>\n\n\n\n<p>Hedef kitlenin dikkatini hemen \u00e7ekmeyi ba\u015faran bu \u00f6zel tarz, \u00f6zellikle h\u0131zl\u0131 t\u00fcketilen i\u00e7eriklerde b\u00fcy\u00fck bir etki yarat\u0131yor.<\/p>\n\n\n\n<figure class=\"wp-block-embed is-type-video is-provider-youtube wp-block-embed-youtube wp-embed-aspect-16-9 wp-has-aspect-ratio\"><div class=\"wp-block-embed__wrapper\">\n<iframe loading=\"lazy\" title=\"M\u00dcS\u0130AD T\u00fcrkiye&#039;nin G\u00fcc\u00fc \u00d6d\u00fclleri | 9 May\u0131s 2022, \u0130stanbul Atat\u00fcrk K\u00fclt\u00fcr Merkezi\" width=\"1170\" height=\"658\" src=\"https:\/\/www.youtube.com\/embed\/-muXdsEww-Y?feature=oembed\" frameborder=\"0\" allow=\"accelerometer; autoplay; clipboard-write; encrypted-media; gyroscope; picture-in-picture; web-share\" referrerpolicy=\"strict-origin-when-cross-origin\" allowfullscreen><\/iframe>\n<\/div><\/figure>\n\n\n\n<p>K\u0131sa videolar, hikayeler ve reklamlarda onun sesi, markalar\u0131n kimliklerini dinleyiciye g\u00fc\u00e7l\u00fc bir \u015fekilde iletmek i\u00e7in \u00f6nemli bir ara\u00e7 haline geliyor. <\/p>\n\n\n\n<p><strong>Dasaudi\u2019nin<\/strong> karakteristik ses tonu, her sosyal medya projesine enerji katarken, sesinin g\u00fcc\u00fc sayesinde izleyicilerin ilgisini uzun s\u00fcre canl\u0131 tutmay\u0131 ba\u015far\u0131yor.<\/p>\n\n\n\n<figure class=\"wp-block-embed is-type-video is-provider-youtube wp-block-embed-youtube wp-embed-aspect-16-9 wp-has-aspect-ratio\"><div class=\"wp-block-embed__wrapper\">\n<iframe loading=\"lazy\" title=\"Sigortam.net Bir Telefon Kadar Yan\u0131nda!\" width=\"1170\" height=\"658\" src=\"https:\/\/www.youtube.com\/embed\/9i4q43Dcc4I?feature=oembed\" frameborder=\"0\" allow=\"accelerometer; autoplay; clipboard-write; encrypted-media; gyroscope; picture-in-picture; web-share\" referrerpolicy=\"strict-origin-when-cross-origin\" allowfullscreen><\/iframe>\n<\/div><\/figure>\n","protected":false},"excerpt":{"rendered":"<p>Dasaudi, yaln\u0131zca m\u00fczi\u011fiyle de\u011fil, sosyal medya platformlar\u0131nda yapt\u0131\u011f\u0131 seslendirmelerle de dikkatleri \u00fczerine \u00e7ekiyor. M\u00fczikteki birikimini, dijital d\u00fcnyadaki h\u0131zl\u0131 ve dikkat \u00e7ekici seslendirme ihtiya\u00e7lar\u0131yla harmanlayarak, kendine \u00f6zg\u00fc bir tarz olu\u015fturuyor. Dasaudi, sosyal medya platformlar\u0131nda yaln\u0131zca reklamlar de\u011fil, ayn\u0131 zamanda influencer&#8217;lar ve markalar\u0131n tan\u0131t\u0131mlar\u0131nda da etkileyici seslendirmeler yaparak \u00f6ne \u00e7\u0131k\u0131yor. Profesyonel seslendirmen olarak, sosyal medyan\u0131n dinamiklerine uygun [&hellip;]<\/p>\n","protected":false},"author":1,"featured_media":0,"parent":0,"menu_order":0,"comment_status":"closed","ping_status":"closed","template":"","meta":{"footnotes":""},"class_list":["post-26","page","type-page","status-publish","hentry"],"_links":{"self":[{"href":"https:\/\/www.dasaudi.com\/index.php?rest_route=\/wp\/v2\/pages\/26","targetHints":{"allow":["GET"]}}],"collection":[{"href":"https:\/\/www.dasaudi.com\/index.php?rest_route=\/wp\/v2\/pages"}],"about":[{"href":"https:\/\/www.dasaudi.com\/index.php?rest_route=\/wp\/v2\/types\/page"}],"author":[{"embeddable":true,"href":"https:\/\/www.dasaudi.com\/index.php?rest_route=\/wp\/v2\/users\/1"}],"replies":[{"embeddable":true,"href":"https:\/\/www.dasaudi.com\/index.php?rest_route=%2Fwp%2Fv2%2Fcomments&post=26"}],"version-history":[{"count":5,"href":"https:\/\/www.dasaudi.com\/index.php?rest_route=\/wp\/v2\/pages\/26\/revisions"}],"predecessor-version":[{"id":282,"href":"https:\/\/www.dasaudi.com\/index.php?rest_route=\/wp\/v2\/pages\/26\/revisions\/282"}],"wp:attachment":[{"href":"https:\/\/www.dasaudi.com\/index.php?rest_route=%2Fwp%2Fv2%2Fmedia&parent=26"}],"curies":[{"name":"wp","href":"https:\/\/api.w.org\/{rel}","templated":true}]}}