{"id":27,"date":"2025-03-23T22:33:09","date_gmt":"2025-03-23T19:33:09","guid":{"rendered":"http:\/\/www.dasaudi.com\/?page_id=27"},"modified":"2026-03-26T09:31:16","modified_gmt":"2026-03-26T06:31:16","slug":"bio","status":"publish","type":"page","link":"https:\/\/www.dasaudi.com\/?page_id=27","title":{"rendered":"Bio"},"content":{"rendered":"\n<p><strong>Murad Z. Dasaudi<\/strong> <mark style=\"background-color:rgba(0, 0, 0, 0)\" class=\"has-inline-color has-vivid-green-cyan-color\">\u2014<\/mark> Seslendirmen <mark style=\"background-color:rgba(0, 0, 0, 0)\" class=\"has-inline-color has-vivid-red-color\">|<\/mark> Ses Oyuncusu <mark style=\"background-color:rgba(0, 0, 0, 0)\" class=\"has-inline-color has-vivid-cyan-blue-color\">| <\/mark>Radyo Prod\u00fckt\u00f6r\u00fc<\/p>\n\n\n<div class=\"wp-block-image\">\n<figure class=\"alignleft size-large is-resized\"><img loading=\"lazy\" decoding=\"async\" width=\"687\" height=\"1024\" src=\"https:\/\/www.dasaudi.com\/wp-content\/uploads\/2026\/03\/2026-Red-687x1024.png\" alt=\"\" class=\"wp-image-295\" style=\"width:273px;height:auto\" srcset=\"https:\/\/www.dasaudi.com\/wp-content\/uploads\/2026\/03\/2026-Red-687x1024.png 687w, https:\/\/www.dasaudi.com\/wp-content\/uploads\/2026\/03\/2026-Red-201x300.png 201w, https:\/\/www.dasaudi.com\/wp-content\/uploads\/2026\/03\/2026-Red-768x1145.png 768w, https:\/\/www.dasaudi.com\/wp-content\/uploads\/2026\/03\/2026-Red-268x400.png 268w, https:\/\/www.dasaudi.com\/wp-content\/uploads\/2026\/03\/2026-Red.png 848w\" sizes=\"auto, (max-width: 687px) 100vw, 687px\" \/><\/figure><\/div>\n\n\n<p><strong>Bu sesi daha \u00f6nce \u00e7ok duydunuz.<\/strong><\/p>\n\n\n\n<p>Televizyonda, radyoda, bir ma\u011fazada, bir e\u011fitim platformunda \u2014 belki de bug\u00fcn, hatta az \u00f6nce \ud83d\ude42 Fark etmeden ge\u00e7mi\u015f olabilirsiniz. Ama ses sizi durdurmu\u015ftur. <\/p>\n\n\n\n<p>Bir an i\u00e7in.<\/p>\n\n\n\n<p>\u0130\u015fte tam olarak bu an i\u00e7in \u00e7al\u0131\u015f\u0131yorum.<\/p>\n\n\n\n<p><mark style=\"background-color:rgba(0, 0, 0, 0)\" class=\"has-inline-color has-luminous-vivid-orange-color\"><strong><em>Murad Z. Dasaudi<\/em><\/strong><\/mark>; seslendirme, ses oyunculu\u011fu ve radyo prod\u00fcksiyonu alanlar\u0131nda uzmanla\u015fm\u0131\u015f, \u00e7ok y\u00f6nl\u00fc bir ses profesyonelidir. M\u00fczi\u011fe olan tutku k\u00fc\u00e7\u00fck ya\u015flarda ba\u015flad\u0131 \u2014 vurmal\u0131 \u00e7alg\u0131lar, kanun, piyano ve sesin insana neler hissettirebildi\u011fine dair o ilk merak. Bu merak, onu zamanla Mimar Sinan G\u00fczel Sanatlar \u00dcniversitesi Klasik T\u00fcrk M\u00fczi\u011fi B\u00f6l\u00fcm\u00fc&#8217;ne, oradan da profesyonel st\u00fcdyolar\u0131n mutfa\u011f\u0131na ta\u015f\u0131d\u0131.<\/p>\n\n\n\n<p>Y\u0131llar i\u00e7inde radyo prod\u00fcksiyonunda edinilen deneyim, sesin yaln\u0131zca kaydedilmedi\u011fini \u2014 kurguland\u0131\u011f\u0131n\u0131, \u015fekillendirildi\u011fini ve bir amaca hizmet etmek \u00fczere tasarland\u0131\u011f\u0131n\u0131 \u00f6\u011fretti. Bu bak\u0131\u015f a\u00e7\u0131s\u0131, her projede fark yarat\u0131yor.<\/p>\n\n\n\n<p><strong><em>\u0130\u015f Bankas\u0131, BDDK, Gelir \u0130daresi Ba\u015fkanl\u0131\u011f\u0131, TRT, Fox News, SBS Radio Australia, CarrefourSA, Cevahir, QNB, \u0130stanbul B\u00fcy\u00fck\u015fehir Belediyesi, ROTANA, Cyprus Media Planning, Bosch, Avva, Ekol International Hospital, Bursa B\u00fcy\u00fck\u015fehir Belediyesi<\/em><\/strong>&#8230; ve bu liste uzay\u0131p gidiyor&#8230;<\/p>\n\n\n\n<p>Y\u00fczlerce marka, y\u00fczbinlerce proje. Her biri farkl\u0131 bir hikaye \u2014 her biri ayn\u0131 \u00f6zen, ayn\u0131 titizlik, ayn\u0131 standart.<\/p>\n\n\n\n<p>Reklam filmlerinden kurumsal tan\u0131t\u0131mlara, belgesellerden e-learning i\u00e7eriklerine, sesli kitaplardan jingle&#8217;lara kadar her formatta; profesyonel home st\u00fcdyo altyap\u0131s\u0131yla her proje zaman\u0131nda, temiz ve revizyona gerek b\u0131rakmadan teslim edilir.<\/p>\n\n\n\n<p>Farkl\u0131 bi bak\u0131\u015f a\u00e7\u0131s\u0131yla hayata devam eden Dasaudi, geli\u015ftirdi\u011fi ve sentezledi\u011fi m\u00fczikal tarz\u0131yla geleneksel ve modern m\u00fczi\u011fi harmanlayan \u00f6zg\u00fcn \u00e7al\u0131\u015fmalar \u00fcretmeye devam etmektedir. Sahne arkas\u0131ndaki prod\u00fckt\u00f6r kimli\u011fi ile sahnedeki ses oyuncusu kimli\u011fi \u2014 ikisi bir arada, her projede.<\/p>\n\n\n\n<p>Markan\u0131z\u0131n sesi, <strong><em><mark style=\"background-color:rgba(0, 0, 0, 0)\" class=\"has-inline-color has-vivid-red-color\">bu portf\u00f6yde ba\u015fl\u0131yor.<\/mark><\/em><\/strong><\/p>\n\n\n\n<hr class=\"wp-block-separator has-alpha-channel-opacity\"\/>\n\n\n\n<p>Voice-Over Artist | Commercial \u00b7 Documentary \u00b7 E-learning | Trusted by Leading Brands  | Jingle | Radio Producer<\/p>\n","protected":false},"excerpt":{"rendered":"<p>Murad Z. Dasaudi \u2014 Seslendirmen | Ses Oyuncusu | Radyo Prod\u00fckt\u00f6r\u00fc Bu sesi daha \u00f6nce \u00e7ok duydunuz. Televizyonda, radyoda, bir ma\u011fazada, bir e\u011fitim platformunda \u2014 belki de bug\u00fcn, hatta az \u00f6nce \ud83d\ude42 Fark etmeden ge\u00e7mi\u015f olabilirsiniz. Ama ses sizi durdurmu\u015ftur. Bir an i\u00e7in. \u0130\u015fte tam olarak bu an i\u00e7in \u00e7al\u0131\u015f\u0131yorum. Murad Z. Dasaudi; seslendirme, ses [&hellip;]<\/p>\n","protected":false},"author":1,"featured_media":0,"parent":0,"menu_order":0,"comment_status":"closed","ping_status":"closed","template":"","meta":{"footnotes":""},"class_list":["post-27","page","type-page","status-publish","hentry"],"_links":{"self":[{"href":"https:\/\/www.dasaudi.com\/index.php?rest_route=\/wp\/v2\/pages\/27","targetHints":{"allow":["GET"]}}],"collection":[{"href":"https:\/\/www.dasaudi.com\/index.php?rest_route=\/wp\/v2\/pages"}],"about":[{"href":"https:\/\/www.dasaudi.com\/index.php?rest_route=\/wp\/v2\/types\/page"}],"author":[{"embeddable":true,"href":"https:\/\/www.dasaudi.com\/index.php?rest_route=\/wp\/v2\/users\/1"}],"replies":[{"embeddable":true,"href":"https:\/\/www.dasaudi.com\/index.php?rest_route=%2Fwp%2Fv2%2Fcomments&post=27"}],"version-history":[{"count":6,"href":"https:\/\/www.dasaudi.com\/index.php?rest_route=\/wp\/v2\/pages\/27\/revisions"}],"predecessor-version":[{"id":326,"href":"https:\/\/www.dasaudi.com\/index.php?rest_route=\/wp\/v2\/pages\/27\/revisions\/326"}],"wp:attachment":[{"href":"https:\/\/www.dasaudi.com\/index.php?rest_route=%2Fwp%2Fv2%2Fmedia&parent=27"}],"curies":[{"name":"wp","href":"https:\/\/api.w.org\/{rel}","templated":true}]}}