{"id":28,"date":"2025-03-23T22:33:09","date_gmt":"2025-03-23T19:33:09","guid":{"rendered":"http:\/\/www.dasaudi.com\/?page_id=28"},"modified":"2025-03-27T14:20:31","modified_gmt":"2025-03-27T11:20:31","slug":"diskografi","status":"publish","type":"page","link":"https:\/\/www.dasaudi.com\/?page_id=28","title":{"rendered":"Diskografi"},"content":{"rendered":"\n<p>T\u00fcm Alb\u00fcm ve Single \u00e7al\u0131\u015fmalar\u0131na <\/p>\n\n\n\n<div class=\"wp-block-columns is-layout-flex wp-container-core-columns-is-layout-9d6595d7 wp-block-columns-is-layout-flex\">\n<div class=\"wp-block-column is-layout-flow wp-block-column-is-layout-flow\">\n<h2 class=\"wp-block-heading has-text-align-left\">Youtube Music<\/h2>\n\n\n\n<figure class=\"wp-block-image size-large is-resized\"><a href=\"https:\/\/music.youtube.com\/channel\/UCGSW2UpaqK8Sy2j1ENzYySg\" target=\"_blank\" rel=\" noreferrer noopener\"><img loading=\"lazy\" decoding=\"async\" width=\"1024\" height=\"1024\" src=\"http:\/\/www.dasaudi.com\/wp-content\/uploads\/2025\/03\/Youtube_Music_icon.svg_-1024x1024.png\" alt=\"\" class=\"wp-image-148\" style=\"width:108px;height:auto\" srcset=\"https:\/\/www.dasaudi.com\/wp-content\/uploads\/2025\/03\/Youtube_Music_icon.svg_-1024x1024.png 1024w, https:\/\/www.dasaudi.com\/wp-content\/uploads\/2025\/03\/Youtube_Music_icon.svg_-300x300.png 300w, https:\/\/www.dasaudi.com\/wp-content\/uploads\/2025\/03\/Youtube_Music_icon.svg_-150x150.png 150w, https:\/\/www.dasaudi.com\/wp-content\/uploads\/2025\/03\/Youtube_Music_icon.svg_-768x768.png 768w, https:\/\/www.dasaudi.com\/wp-content\/uploads\/2025\/03\/Youtube_Music_icon.svg_-1536x1536.png 1536w, https:\/\/www.dasaudi.com\/wp-content\/uploads\/2025\/03\/Youtube_Music_icon.svg_-400x400.png 400w, https:\/\/www.dasaudi.com\/wp-content\/uploads\/2025\/03\/Youtube_Music_icon.svg_.png 2048w\" sizes=\"auto, (max-width: 1024px) 100vw, 1024px\" \/><\/a><\/figure>\n<\/div>\n\n\n\n<div class=\"wp-block-column is-layout-flow wp-block-column-is-layout-flow\">\n<figure class=\"wp-block-image size-full is-resized\"><a href=\"https:\/\/music.apple.com\/tr\/artist\/dasaudi\/1747238546?l=tr\" target=\"_blank\" rel=\" noreferrer noopener\"><img loading=\"lazy\" decoding=\"async\" width=\"980\" height=\"980\" src=\"http:\/\/www.dasaudi.com\/wp-content\/uploads\/2025\/03\/apple-music-logo-square-rounded-apple-music-logo-apple-music-logo-free-download-free-png.png\" alt=\"\" class=\"wp-image-152\" style=\"width:118px;height:auto\" srcset=\"https:\/\/www.dasaudi.com\/wp-content\/uploads\/2025\/03\/apple-music-logo-square-rounded-apple-music-logo-apple-music-logo-free-download-free-png.png 980w, https:\/\/www.dasaudi.com\/wp-content\/uploads\/2025\/03\/apple-music-logo-square-rounded-apple-music-logo-apple-music-logo-free-download-free-png-300x300.png 300w, https:\/\/www.dasaudi.com\/wp-content\/uploads\/2025\/03\/apple-music-logo-square-rounded-apple-music-logo-apple-music-logo-free-download-free-png-150x150.png 150w, https:\/\/www.dasaudi.com\/wp-content\/uploads\/2025\/03\/apple-music-logo-square-rounded-apple-music-logo-apple-music-logo-free-download-free-png-768x768.png 768w, https:\/\/www.dasaudi.com\/wp-content\/uploads\/2025\/03\/apple-music-logo-square-rounded-apple-music-logo-apple-music-logo-free-download-free-png-400x400.png 400w\" sizes=\"auto, (max-width: 980px) 100vw, 980px\" \/><\/a><\/figure>\n\n\n\n<h2 class=\"wp-block-heading has-text-align-left\">Apple Music<\/h2>\n<\/div>\n\n\n\n<div class=\"wp-block-column is-layout-flow wp-block-column-is-layout-flow\">\n<h2 class=\"wp-block-heading has-text-align-left\">Spotify<\/h2>\n\n\n\n<figure class=\"wp-block-image size-full is-resized\"><a href=\"https:\/\/open.spotify.com\/intl-tr\/artist\/5NzYdIPr3ekyWkUOjXSKAK?si=Px5B2YKIQKq9RkZCumzHrw\" target=\"_blank\" rel=\" noreferrer noopener\"><img loading=\"lazy\" decoding=\"async\" width=\"600\" height=\"600\" src=\"http:\/\/www.dasaudi.com\/wp-content\/uploads\/2025\/03\/spotify-logo-25A3D52D41-seeklogo.com_.png\" alt=\"\" class=\"wp-image-149\" style=\"width:120px;height:auto\" srcset=\"https:\/\/www.dasaudi.com\/wp-content\/uploads\/2025\/03\/spotify-logo-25A3D52D41-seeklogo.com_.png 600w, https:\/\/www.dasaudi.com\/wp-content\/uploads\/2025\/03\/spotify-logo-25A3D52D41-seeklogo.com_-300x300.png 300w, https:\/\/www.dasaudi.com\/wp-content\/uploads\/2025\/03\/spotify-logo-25A3D52D41-seeklogo.com_-150x150.png 150w, https:\/\/www.dasaudi.com\/wp-content\/uploads\/2025\/03\/spotify-logo-25A3D52D41-seeklogo.com_-400x400.png 400w\" sizes=\"auto, (max-width: 600px) 100vw, 600px\" \/><\/a><\/figure>\n<\/div>\n<\/div>\n\n\n\n<p>Dasaudi, m\u00fczikal yolculu\u011funda yaln\u0131zca kendi sanatsal vizyonunu hayata ge\u00e7irmekle kalmay\u0131p, eserlerini global m\u00fczik dinleyicileriyle bulu\u015fturmak i\u00e7in dijital platformlar\u0131 etkin bir \u015fekilde kullan\u0131yor. Spotify, YouTube Music ve Apple Music gibi d\u00fcnya \u00e7ap\u0131nda tan\u0131nan m\u00fczik platformlar\u0131nda yer alarak, m\u00fczi\u011fini geni\u015f bir kitleye ula\u015ft\u0131rmay\u0131 ba\u015fard\u0131. Bu platformlar sayesinde, dinleyicileri sadece T\u00fcrkiye&#8217;de de\u011fil, d\u00fcnya genelinde m\u00fczi\u011fiyle bulu\u015fuyor.<\/p>\n\n\n\n<p>Spotify&#8217;da alb\u00fcmleri ve \u015fark\u0131lar\u0131, dinleyiciler taraf\u0131ndan kolayca eri\u015filebiliyor, ayn\u0131 zamanda dinleyicilerinin favorilerine ekleyerek sanat\u00e7\u0131n\u0131n eserlerine olan ilgisini art\u0131r\u0131yor. YouTube Music ise Dasaudi&#8217;nin g\u00f6rsel d\u00fcnyas\u0131n\u0131 yans\u0131tt\u0131\u011f\u0131 videolarla birlikte, \u015fark\u0131lar\u0131n\u0131n atmosferini daha da derinle\u015ftiriyor. Bu platform, sanat\u00e7\u0131n\u0131n yarat\u0131c\u0131 projelerine olan ilginin artmas\u0131na olanak tan\u0131rken, alb\u00fcm ve \u015fark\u0131lar\u0131n\u0131n g\u00f6rsel anlat\u0131mlar\u0131n\u0131 da global \u00e7apta sergilemesine imkan veriyor.<\/p>\n\n\n\n<p>Apple Music, Dasaudi&#8217;nin m\u00fczikal ser\u00fcvenine geni\u015f bir dinleyici kitlesi kazand\u0131r\u0131rken, m\u00fczikseverlerin daha derinlemesine ke\u015ffetmesi i\u00e7in \u015fark\u0131lar\u0131n\u0131n farkl\u0131 versiyonlar\u0131na ve \u00f6zel yay\u0131nlar\u0131na da yer veriyor. Bu dijital platformlar sayesinde, Dasaudi&#8217;nin eserleri yaln\u0131zca bir m\u00fczik deneyimi sunmakla kalmay\u0131p, evrensel bir dil arac\u0131l\u0131\u011f\u0131yla duygulara dokunuyor. M\u00fczikal kariyerinin her ad\u0131m\u0131nda, dijital medya sayesinde daha fazla insana ula\u015farak, m\u00fczi\u011finin evrensel g\u00fcc\u00fcn\u00fc kan\u0131tl\u0131yor.<\/p>\n","protected":false},"excerpt":{"rendered":"<p>T\u00fcm Alb\u00fcm ve Single \u00e7al\u0131\u015fmalar\u0131na Youtube Music Apple Music Spotify Dasaudi, m\u00fczikal yolculu\u011funda yaln\u0131zca kendi sanatsal vizyonunu hayata ge\u00e7irmekle kalmay\u0131p, eserlerini global m\u00fczik dinleyicileriyle bulu\u015fturmak i\u00e7in dijital platformlar\u0131 etkin bir \u015fekilde kullan\u0131yor. Spotify, YouTube Music ve Apple Music gibi d\u00fcnya \u00e7ap\u0131nda tan\u0131nan m\u00fczik platformlar\u0131nda yer alarak, m\u00fczi\u011fini geni\u015f bir kitleye ula\u015ft\u0131rmay\u0131 ba\u015fard\u0131. Bu platformlar sayesinde, [&hellip;]<\/p>\n","protected":false},"author":1,"featured_media":0,"parent":0,"menu_order":0,"comment_status":"closed","ping_status":"closed","template":"","meta":{"footnotes":""},"class_list":["post-28","page","type-page","status-publish","hentry"],"_links":{"self":[{"href":"https:\/\/www.dasaudi.com\/index.php?rest_route=\/wp\/v2\/pages\/28","targetHints":{"allow":["GET"]}}],"collection":[{"href":"https:\/\/www.dasaudi.com\/index.php?rest_route=\/wp\/v2\/pages"}],"about":[{"href":"https:\/\/www.dasaudi.com\/index.php?rest_route=\/wp\/v2\/types\/page"}],"author":[{"embeddable":true,"href":"https:\/\/www.dasaudi.com\/index.php?rest_route=\/wp\/v2\/users\/1"}],"replies":[{"embeddable":true,"href":"https:\/\/www.dasaudi.com\/index.php?rest_route=%2Fwp%2Fv2%2Fcomments&post=28"}],"version-history":[{"count":6,"href":"https:\/\/www.dasaudi.com\/index.php?rest_route=\/wp\/v2\/pages\/28\/revisions"}],"predecessor-version":[{"id":157,"href":"https:\/\/www.dasaudi.com\/index.php?rest_route=\/wp\/v2\/pages\/28\/revisions\/157"}],"wp:attachment":[{"href":"https:\/\/www.dasaudi.com\/index.php?rest_route=%2Fwp%2Fv2%2Fmedia&parent=28"}],"curies":[{"name":"wp","href":"https:\/\/api.w.org\/{rel}","templated":true}]}}